{"id":4722,"date":"2025-02-08T22:30:00","date_gmt":"2025-02-08T20:30:00","guid":{"rendered":"https:\/\/magictruffleme.com\/are-you-a-wholesaler-register-with-us\/"},"modified":"2025-02-08T22:30:11","modified_gmt":"2025-02-08T20:30:11","slug":"are-you-a-wholesaler-register-with-us","status":"publish","type":"page","link":"https:\/\/magictruffleme.com\/en\/are-you-a-wholesaler-register-with-us\/","title":{"rendered":"Are you a Wholesaler? Register with Us"},"content":{"rendered":"<p>[et_pb_section fb_built=&#8221;1&#8243; fullwidth=&#8221;on&#8221; _builder_version=&#8221;4.27.4&#8243; _module_preset=&#8221;default&#8221; background_image=&#8221;https:\/\/magictruffleme.com\/wp-content\/uploads\/2021\/03\/bg-shop-2.jpg&#8221; min_height=&#8221;0px&#8221; custom_padding=&#8221;177px|||||&#8221; da_disable_devices=&#8221;off|off|off&#8221; global_colors_info=&#8221;{}&#8221; da_is_popup=&#8221;off&#8221; da_exit_intent=&#8221;off&#8221; da_has_close=&#8221;on&#8221; da_alt_close=&#8221;off&#8221; da_dark_close=&#8221;off&#8221; da_not_modal=&#8221;on&#8221; da_is_singular=&#8221;off&#8221; da_with_loader=&#8221;off&#8221; da_has_shadow=&#8221;on&#8221;][\/et_pb_section][et_pb_section fb_built=&#8221;1&#8243; _builder_version=&#8221;4.27.4&#8243; _module_preset=&#8221;default&#8221; background_enable_image=&#8221;off&#8221; min_height=&#8221;838px&#8221; hover_enabled=&#8221;0&#8243; da_disable_devices=&#8221;off|off|off&#8221; global_colors_info=&#8221;{}&#8221; sticky_enabled=&#8221;0&#8243; da_is_popup=&#8221;off&#8221; da_exit_intent=&#8221;off&#8221; da_has_close=&#8221;on&#8221; da_alt_close=&#8221;off&#8221; da_dark_close=&#8221;off&#8221; da_not_modal=&#8221;on&#8221; da_is_singular=&#8221;off&#8221; da_with_loader=&#8221;off&#8221; da_has_shadow=&#8221;on&#8221;][et_pb_row _builder_version=&#8221;4.27.0&#8243; _module_preset=&#8221;default&#8221; global_colors_info=&#8221;{}&#8221;][et_pb_column type=&#8221;4_4&#8243; _builder_version=&#8221;4.27.0&#8243; _module_preset=&#8221;default&#8221; global_colors_info=&#8221;{}&#8221;][et_pb_text _builder_version=&#8221;4.27.0&#8243; _module_preset=&#8221;default&#8221; global_colors_info=&#8221;{}&#8221;]<\/p>\n<h1>Welcome to Magic Truffle Me<\/h1>\n<p><strong>Magic Truffle Me<\/strong> es una de las empresas m\u00e1s destacadas y experimentadas en el sector de las trufas m\u00e1gicas. Ubicados en Espa\u00f1a, nos especializamos en el cultivo y distribuci\u00f3n de trufas m\u00e1gicas de la m\u00e1s alta calidad. Con m\u00e1s de 25 a\u00f1os de experiencia en la industria, nuestro compromiso con la calidad y la satisfacci\u00f3n del cliente nos diferencia en el mercado.<\/p>\n<p>En <strong>Magic Truffle Me<\/strong>, trabajamos exclusivamente con los productos m\u00e1s seguros y efectivos disponibles actualmente. Estamos seguros de que nuestros clientes quedar\u00e1n completamente satisfechos con cualquiera de nuestros productos, ya que cada uno de ellos es el resultado de un proceso meticuloso de selecci\u00f3n y cultivo.<\/p>\n<h2>\u00bfEres Mayorista? Reg\u00edstrate con Nosotros<\/h2>\n<p>Si deseas solicitar una cuenta de mayorista, el primer paso es registrarte en nuestra web como cliente particular. Una vez registrado, podr\u00e1s solicitar la activaci\u00f3n de tu cuenta de empresa a trav\u00e9s de nuestro formulario de contacto que est\u00e1 justo debajo, proporcionando un NIF\/CIF v\u00e1lido. Este requisito es imprescindible para activar tu cuenta como mayorista con <strong>Magic Truffle Me<\/strong>. Colaboramos exclusivamente con Grow Shops, empresas y distribuidores relacionados con el sector de las trufas m\u00e1gicas y productos afines.<\/p>\n<h2>Etiquetas Personalizadas para tu Tienda<\/h2>\n<p>Para facilitar la personalizaci\u00f3n y el branding de nuestros productos, enviamos todos nuestros art\u00edculos a tiendas sin etiqueta, lo que permite a cada establecimiento poner su propia marca y dise\u00f1o.<\/p>\n<h2>Estamos Aqu\u00ed para Ayudarte<\/h2>\n<p>En <strong>Magic Truffle Me<\/strong>, nos esforzamos por ofrecer un servicio al cliente excepcional. Si tienes alguna duda o necesitas asistencia, estamos a tu disposici\u00f3n para resolver cualquier consulta.<\/p>\n<p><strong>Contacto:<\/strong> <a href=\"mailto:info@magictruffleme.com\">info@magictruffleme.com<\/a><\/p>\n<p>[\/et_pb_text][\/et_pb_column][\/et_pb_row][et_pb_row admin_label=&#8221;Row&#8221; _builder_version=&#8221;4.27.0&#8243; _module_preset=&#8221;default&#8221; global_colors_info=&#8221;{}&#8221;][et_pb_column type=&#8221;4_4&#8243; _builder_version=&#8221;4.27.0&#8243; _module_preset=&#8221;default&#8221; global_colors_info=&#8221;{}&#8221;][et_pb_code _builder_version=&#8221;4.27.0&#8243; _module_preset=&#8221;default&#8221; global_colors_info=&#8221;{}&#8221;][forminator_form id=&#8221;3257&#8243;][\/et_pb_code][\/et_pb_column][\/et_pb_row][\/et_pb_section]<\/p>\n","protected":false},"excerpt":{"rendered":"<p>Welcome to Magic Truffle Me Magic Truffle Me es una de las empresas m\u00e1s destacadas y experimentadas en el sector de las trufas m\u00e1gicas. Ubicados en Espa\u00f1a, nos especializamos en el cultivo y distribuci\u00f3n de trufas m\u00e1gicas de la m\u00e1s alta calidad. Con m\u00e1s de 25 a\u00f1os de experiencia en la industria, nuestro compromiso con [&hellip;]<\/p>\n","protected":false},"author":334,"featured_media":2642,"parent":0,"menu_order":0,"comment_status":"closed","ping_status":"closed","template":"","meta":{"_et_pb_use_builder":"on","_et_pb_old_content":"","_et_gb_content_width":"","footnotes":""},"class_list":["post-4722","page","type-page","status-publish","has-post-thumbnail","hentry"],"_links":{"self":[{"href":"https:\/\/magictruffleme.com\/en\/wp-json\/wp\/v2\/pages\/4722","targetHints":{"allow":["GET"]}}],"collection":[{"href":"https:\/\/magictruffleme.com\/en\/wp-json\/wp\/v2\/pages"}],"about":[{"href":"https:\/\/magictruffleme.com\/en\/wp-json\/wp\/v2\/types\/page"}],"author":[{"embeddable":true,"href":"https:\/\/magictruffleme.com\/en\/wp-json\/wp\/v2\/users\/334"}],"replies":[{"embeddable":true,"href":"https:\/\/magictruffleme.com\/en\/wp-json\/wp\/v2\/comments?post=4722"}],"version-history":[{"count":5,"href":"https:\/\/magictruffleme.com\/en\/wp-json\/wp\/v2\/pages\/4722\/revisions"}],"predecessor-version":[{"id":4727,"href":"https:\/\/magictruffleme.com\/en\/wp-json\/wp\/v2\/pages\/4722\/revisions\/4727"}],"wp:featuredmedia":[{"embeddable":true,"href":"https:\/\/magictruffleme.com\/en\/wp-json\/wp\/v2\/media\/2642"}],"wp:attachment":[{"href":"https:\/\/magictruffleme.com\/en\/wp-json\/wp\/v2\/media?parent=4722"}],"curies":[{"name":"wp","href":"https:\/\/api.w.org\/{rel}","templated":true}]}}