{"id":529,"date":"2021-04-27T07:25:27","date_gmt":"2021-04-27T07:25:27","guid":{"rendered":"https:\/\/magictruffleme.com\/shop\/"},"modified":"2025-01-27T18:59:04","modified_gmt":"2025-01-27T16:59:04","slug":"magic-truffles","status":"publish","type":"page","link":"https:\/\/magictruffleme.com\/en\/magic-truffles\/","title":{"rendered":"Magic Truffles"},"content":{"rendered":"<p>[et_pb_section fb_built=&#8221;1&#8243; admin_label=&#8221;section&#8221; _builder_version=&#8221;4.16&#8243; da_disable_devices=&#8221;off|off|off&#8221; global_colors_info=&#8221;{}&#8221; da_is_popup=&#8221;off&#8221; da_exit_intent=&#8221;off&#8221; da_has_close=&#8221;on&#8221; da_alt_close=&#8221;off&#8221; da_dark_close=&#8221;off&#8221; da_not_modal=&#8221;on&#8221; da_is_singular=&#8221;off&#8221; da_with_loader=&#8221;off&#8221; da_has_shadow=&#8221;on&#8221;][et_pb_row admin_label=&#8221;row&#8221; _builder_version=&#8221;4.25.2&#8243; background_size=&#8221;initial&#8221; background_position=&#8221;top_left&#8221; background_repeat=&#8221;repeat&#8221; global_colors_info=&#8221;{}&#8221;][et_pb_column type=&#8221;4_4&#8243; _builder_version=&#8221;4.16&#8243; custom_padding=&#8221;|||&#8221; global_colors_info=&#8221;{}&#8221; custom_padding__hover=&#8221;|||&#8221;][\/et_pb_column][\/et_pb_row][\/et_pb_section][et_pb_section fb_built=&#8221;1&#8243; _builder_version=&#8221;4.25.2&#8243; _module_preset=&#8221;default&#8221; da_disable_devices=&#8221;off|off|off&#8221; global_colors_info=&#8221;{}&#8221; da_is_popup=&#8221;off&#8221; da_exit_intent=&#8221;off&#8221; da_has_close=&#8221;on&#8221; da_alt_close=&#8221;off&#8221; da_dark_close=&#8221;off&#8221; da_not_modal=&#8221;on&#8221; da_is_singular=&#8221;off&#8221; da_with_loader=&#8221;off&#8221; da_has_shadow=&#8221;on&#8221;][et_pb_row _builder_version=&#8221;4.25.2&#8243; _module_preset=&#8221;default&#8221; global_colors_info=&#8221;{}&#8221;][et_pb_column type=&#8221;4_4&#8243; _builder_version=&#8221;4.25.2&#8243; _module_preset=&#8221;default&#8221; global_colors_info=&#8221;{}&#8221;][et_pb_text _builder_version=&#8221;4.25.2&#8243; _module_preset=&#8221;default&#8221; hover_enabled=&#8221;0&#8243; global_colors_info=&#8221;{}&#8221; sticky_enabled=&#8221;0&#8243;]<\/p>\n<p style=\"text-align: justify;\">Las Trufas M\u00e1gicas, tambi\u00e9n conocidas como \u201csclerotia\u201d, \u201cesclerocios\u201d o \u201cpiedras filosofales\u201d, <strong>crecen de forma subterr\u00e1nea entre el micelio de las setas m\u00e1gicas<\/strong>. Tienen un aspecto similar a las trufas, un ligero sabor a nueces y, al igual que las setas m\u00e1gicas, <strong>contienen los compuestos psicod\u00e9licos psilocina y psilocibina<\/strong>. El cultivo de nuestras trufas te ofrece una experiencia \u00fanica muy especial incomparable a cualquier otro tipo de cultivo.<\/p>\n<p style=\"text-align: justify;\">La Trufa es una masa compacta de micelio que se desarrolla en los hongos a partir de los restos del mismo micelio. El micelio es un tipo de moho que crece en el suelo donde se desarrollan las setas (que de hecho son el fruto del dicho micelio). <strong>Las Trufas, al igual que los hongos, tambi\u00e9n poseen los componentes psicoactivos llamados Psilocibina y Psilocina y tienen los mismos efectos.<\/strong>\u00a0El nombre oficial de las Trufas M\u00e1gicas es el de Esclerotium o, el m\u00e1s conocido, el de \u201cPiedra Filosofal\u201d.<\/p>\n<h2 style=\"text-align: justify;\">La calidad suprema de las Trufas M\u00e1gicas<\/h2>\n<p style=\"text-align: justify;\">Han sido siempre consideradas como el gran \u201cRegalo de la Naturaleza\u201d\u2026 y estamos del todo de acuerdo. <strong>Cuidamos extremadamente nuestras gen\u00e9ticas, todo el proceso de cultivo y, finalmente, la cosecha y su empaquetado.<\/strong> Creemos que s\u00f3lo podemos trabajar de esta manera para asegurarnos de que el cliente reciba sus Trufas en perfecto estado y poder ofrecerle, as\u00ed, una experiencia memorable.<\/p>\n<p>Explora nuestra tienda en l\u00ednea y descubre por qu\u00e9 las Trufas M\u00e1gicas son apreciadas como uno de los regalos m\u00e1s extraordinarios de la naturaleza. Estamos aqu\u00ed para proporcionarte un producto seguro, legal y de alta calidad para que disfrutes de una experiencia \u00fanica.<\/p>\n<h4>Diferencias entre trufas m\u00e1gicas y hongos<\/h4>\n<p>Cuando abres un contenedor de trufas por primera vez, probablemente no tengas idea de lo que est\u00e1s mirando. Las trufas m\u00e1gicas, tambi\u00e9n conocidas como esclerocios, son diferentes de los hongos tanto en apariencia como en su forma de crecer. Las trufas se desarrollan bajo tierra como dep\u00f3sitos de energ\u00eda del hongo, mientras que los hongos crecen sobre la superficie.<\/p>\n<ul>\n<li><strong>Ubicaci\u00f3n de crecimiento<\/strong>: Las trufas m\u00e1gicas se encuentran bajo tierra, mientras que los hongos crecen por encima del suelo.<\/li>\n<li><strong>Contenido de humedad<\/strong>: Las trufas contienen menos humedad que los hongos, aproximadamente un 5-10%, lo que facilita su conservaci\u00f3n.<\/li>\n<li><strong>Efecto psicod\u00e9lico<\/strong>: Tanto las trufas m\u00e1gicas como los hongos contienen los mismos ingredientes activos (psilocibina y psilocina), por lo que sus efectos son muy similares. La dosificaci\u00f3n es m\u00e1s f\u00e1cil con las trufas debido a su consistencia en la cantidad de ingredientes activos.<\/li>\n<\/ul>\n<p>[\/et_pb_text][\/et_pb_column][\/et_pb_row][\/et_pb_section]<\/p>\n","protected":false},"excerpt":{"rendered":"<p>The Valhalla magic truffle is the queen of all our truffles, it is<br \/>\nthe most powerful with the most productive growth. It is the best<br \/>\nquality truffle that we can offer you to observe its growth. Brown nose indicated for experts.<\/p>\n<p>ALL OUR PRODUCTS ARE SOLD ONLY FOR GROWING. NOT FOR CONSUMPTION OR OTHER MISUSE.<\/p>\n<p>\u00a0<\/p>\n","protected":false},"author":1,"featured_media":551,"parent":0,"menu_order":0,"comment_status":"closed","ping_status":"closed","template":"","meta":{"_et_pb_use_builder":"on","_et_pb_old_content":"","_et_gb_content_width":"","footnotes":""},"class_list":["post-529","page","type-page","status-publish","has-post-thumbnail","hentry"],"_links":{"self":[{"href":"https:\/\/magictruffleme.com\/en\/wp-json\/wp\/v2\/pages\/529","targetHints":{"allow":["GET"]}}],"collection":[{"href":"https:\/\/magictruffleme.com\/en\/wp-json\/wp\/v2\/pages"}],"about":[{"href":"https:\/\/magictruffleme.com\/en\/wp-json\/wp\/v2\/types\/page"}],"author":[{"embeddable":true,"href":"https:\/\/magictruffleme.com\/en\/wp-json\/wp\/v2\/users\/1"}],"replies":[{"embeddable":true,"href":"https:\/\/magictruffleme.com\/en\/wp-json\/wp\/v2\/comments?post=529"}],"version-history":[{"count":24,"href":"https:\/\/magictruffleme.com\/en\/wp-json\/wp\/v2\/pages\/529\/revisions"}],"predecessor-version":[{"id":4633,"href":"https:\/\/magictruffleme.com\/en\/wp-json\/wp\/v2\/pages\/529\/revisions\/4633"}],"wp:featuredmedia":[{"embeddable":true,"href":"https:\/\/magictruffleme.com\/en\/wp-json\/wp\/v2\/media\/551"}],"wp:attachment":[{"href":"https:\/\/magictruffleme.com\/en\/wp-json\/wp\/v2\/media?parent=529"}],"curies":[{"name":"wp","href":"https:\/\/api.w.org\/{rel}","templated":true}]}}