{"id":730,"date":"2021-04-28T15:27:42","date_gmt":"2021-04-28T15:27:42","guid":{"rendered":"https:\/\/magictruffleme.com\/microdosing\/"},"modified":"2021-04-28T15:27:43","modified_gmt":"2021-04-28T15:27:43","slug":"microdosing","status":"publish","type":"page","link":"https:\/\/magictruffleme.com\/en\/microdosing\/","title":{"rendered":"Microdosing"},"content":{"rendered":"<p>[et_pb_section fb_built=&#8221;1&#8243; custom_padding_last_edited=&#8221;off|desktop&#8221; admin_label=&#8221;Header Section&#8221; _builder_version=&#8221;4.9.2&#8243; use_background_color_gradient=&#8221;on&#8221; background_color_gradient_start=&#8221;rgba(0,0,0,0)&#8221; background_color_gradient_end=&#8221;rgba(0,0,0,0.77)&#8221; background_color_gradient_start_position=&#8221;40%&#8221; background_color_gradient_overlays_image=&#8221;on&#8221; background_image=&#8221;https:\/\/magictruffleme.com\/wp-content\/uploads\/2021\/03\/bg-shop-3.jpg&#8221; custom_padding_tablet=&#8221;320px|0px|0px|0px&#8221; bottom_divider_height=&#8221;40px&#8221;][et_pb_row admin_label=&#8221;Header Row&#8221; _builder_version=&#8221;3.25&#8243;][et_pb_column type=&#8221;4_4&#8243; _builder_version=&#8221;3.25&#8243; custom_padding=&#8221;|||&#8221; custom_padding__hover=&#8221;|||&#8221;][et_pb_text _builder_version=&#8221;4.9.2&#8243; text_font=&#8221;|600|||||||&#8221; text_text_color=&#8221;#FFFFFF&#8221; text_line_height=&#8221;1.8em&#8221; header_font=&#8221;||||||||&#8221; header_text_color=&#8221;#FFFFFF&#8221; header_font_size=&#8221;60px&#8221; header_letter_spacing=&#8221;5px&#8221; header_line_height=&#8221;1.4em&#8221; text_orientation=&#8221;center&#8221; max_width=&#8221;700px&#8221; module_alignment=&#8221;center&#8221; animation_style=&#8221;fade&#8221;]<\/p>\n<h1>Kits de cultivo<\/h1>\n<p>Cultiva f\u00e1cilmente en casa tus propias trufas m\u00e1gicas con nuestros kits de cultivo de trufas m\u00e1gicas. En tan s\u00f3lo 3 d\u00edas obtendr\u00e1s trufas de la mejor calidad.<\/p>\n<p>[\/et_pb_text][\/et_pb_column][\/et_pb_row][\/et_pb_section][et_pb_section fb_built=&#8221;1&#8243; admin_label=&#8221;Products Section&#8221; _builder_version=&#8221;3.22&#8243; custom_padding=&#8221;2px|0px|120px|0px||&#8221;][et_pb_row admin_label=&#8221;Contact Us Row&#8221; _builder_version=&#8221;3.25&#8243; locked=&#8221;off&#8221;][et_pb_column type=&#8221;4_4&#8243; _builder_version=&#8221;3.25&#8243; custom_padding=&#8221;|||&#8221; custom_padding__hover=&#8221;|||&#8221;][et_pb_text _builder_version=&#8221;4.9.2&#8243; text_font=&#8221;Open Sans|600|||||||&#8221; text_line_height=&#8221;1.8em&#8221; header_font=&#8221;||||||||&#8221; header_2_font=&#8221;Oswald|||on|||||&#8221; header_2_font_size=&#8221;45px&#8221; header_2_letter_spacing=&#8221;3px&#8221; header_2_line_height=&#8221;1.4em&#8221; text_orientation=&#8221;center&#8221; module_alignment=&#8221;center&#8221; custom_margin=&#8221;40px|||&#8221; custom_margin_tablet=&#8221;0px|||&#8221; custom_margin_phone=&#8221;|||&#8221; custom_margin_last_edited=&#8221;on|phone&#8221;]<\/p>\n<p>Cultivar tus propias trufas m\u00e1gicas nunca hab\u00eda sido tan f\u00e1cil. Ll\u00e9vate una minitarrina y observa el crecimiento natural de la trufas m\u00e1gicas. Puedes elegir de 6 variedades y solo necesitas cuidarlas con amor y paciencia. En pocos d\u00edas tendr\u00e1s tu recompensa. <br \/>\u00a1Elige la que m\u00e1s te guste!<\/p>\n<p>[\/et_pb_text][\/et_pb_column][\/et_pb_row][et_pb_row admin_label=&#8221;Products Row&#8221; _builder_version=&#8221;3.25&#8243;][et_pb_column type=&#8221;4_4&#8243; _builder_version=&#8221;3.25&#8243; custom_padding=&#8221;|||&#8221; custom_padding__hover=&#8221;|||&#8221;][et_pb_shop type=&#8221;product_category&#8221; posts_number=&#8221;20&#8243; show_pagination=&#8221;on&#8221; include_categories=&#8221;18&#8243; columns_number=&#8221;3&#8243; orderby=&#8221;menu_order&#8221; icon_hover_color=&#8221;#000000&#8243; admin_label=&#8221;Products&#8221; _builder_version=&#8221;4.9.2&#8243; title_font=&#8221;|800|||||||&#8221; title_font_size=&#8221;28px&#8221; title_letter_spacing=&#8221;2px&#8221; title_line_height=&#8221;1.7em&#8221; price_font=&#8221;Open Sans|600|||||||&#8221; price_text_align=&#8221;center&#8221; price_text_color=&#8221;#8d4e1c&#8221; price_font_size=&#8221;16px&#8221; price_line_height=&#8221;1.7em&#8221; text_orientation=&#8221;center&#8221;][\/et_pb_shop][\/et_pb_column][\/et_pb_row][\/et_pb_section]<\/p>\n","protected":false},"excerpt":{"rendered":"<p>Kits de cultivo Cultiva f\u00e1cilmente en casa tus propias trufas m\u00e1gicas con nuestros kits de cultivo de trufas m\u00e1gicas. En tan s\u00f3lo 3 d\u00edas obtendr\u00e1s trufas de la mejor calidad.Cultivar tus propias trufas m\u00e1gicas nunca hab\u00eda sido tan f\u00e1cil. Ll\u00e9vate una minitarrina y observa el crecimiento natural de la trufas m\u00e1gicas. Puedes elegir de 6 [&hellip;]<\/p>\n","protected":false},"author":2,"featured_media":0,"parent":0,"menu_order":0,"comment_status":"closed","ping_status":"closed","template":"","meta":{"_et_pb_use_builder":"on","_et_pb_old_content":"","_et_gb_content_width":"","footnotes":""},"class_list":["post-730","page","type-page","status-publish","hentry"],"_links":{"self":[{"href":"https:\/\/magictruffleme.com\/en\/wp-json\/wp\/v2\/pages\/730","targetHints":{"allow":["GET"]}}],"collection":[{"href":"https:\/\/magictruffleme.com\/en\/wp-json\/wp\/v2\/pages"}],"about":[{"href":"https:\/\/magictruffleme.com\/en\/wp-json\/wp\/v2\/types\/page"}],"author":[{"embeddable":true,"href":"https:\/\/magictruffleme.com\/en\/wp-json\/wp\/v2\/users\/2"}],"replies":[{"embeddable":true,"href":"https:\/\/magictruffleme.com\/en\/wp-json\/wp\/v2\/comments?post=730"}],"version-history":[{"count":2,"href":"https:\/\/magictruffleme.com\/en\/wp-json\/wp\/v2\/pages\/730\/revisions"}],"predecessor-version":[{"id":732,"href":"https:\/\/magictruffleme.com\/en\/wp-json\/wp\/v2\/pages\/730\/revisions\/732"}],"wp:attachment":[{"href":"https:\/\/magictruffleme.com\/en\/wp-json\/wp\/v2\/media?parent=730"}],"curies":[{"name":"wp","href":"https:\/\/api.w.org\/{rel}","templated":true}]}}