{"id":3571,"date":"2024-10-21T23:30:08","date_gmt":"2024-10-21T21:30:08","guid":{"rendered":"https:\/\/magictruffleme.com\/?post_type=product&#038;p=3571"},"modified":"2025-03-15T22:07:21","modified_gmt":"2025-03-15T20:07:21","slug":"3x2-magic-truffles-tampanensis","status":"publish","type":"product","link":"https:\/\/magictruffleme.com\/en\/product\/magic-truffles-3x2\/3x2-magic-truffles-tampanensis\/","title":{"rendered":"3&#215;2 Magic Truffles Tampanensis"},"content":{"rendered":"<p>[et_pb_section fb_built=&#8221;1&#8243; _builder_version=&#8221;4.16&#8243; custom_padding=&#8221;0px||||false|false&#8221; da_disable_devices=&#8221;off|off|off&#8221; global_colors_info=&#8221;{}&#8221; da_is_popup=&#8221;off&#8221; da_exit_intent=&#8221;off&#8221; da_has_close=&#8221;on&#8221; da_alt_close=&#8221;off&#8221; da_dark_close=&#8221;off&#8221; da_not_modal=&#8221;on&#8221; da_is_singular=&#8221;off&#8221; da_with_loader=&#8221;off&#8221; da_has_shadow=&#8221;on&#8221;][et_pb_row _builder_version=&#8221;4.16&#8243; background_size=&#8221;initial&#8221; background_position=&#8221;top_left&#8221; background_repeat=&#8221;repeat&#8221; width=&#8221;100%&#8221; custom_padding=&#8221;0px||0px||false|false&#8221; global_colors_info=&#8221;{}&#8221;][et_pb_column type=&#8221;4_4&#8243; _builder_version=&#8221;4.16&#8243; custom_padding=&#8221;|||&#8221; global_colors_info=&#8221;{}&#8221; custom_padding__hover=&#8221;|||&#8221;][et_pb_wc_breadcrumb _builder_version=&#8221;4.16&#8243; global_colors_info=&#8221;{}&#8221;][\/et_pb_wc_breadcrumb][et_pb_wc_cart_notice _builder_version=&#8221;4.16&#8243; global_colors_info=&#8221;{}&#8221;][\/et_pb_wc_cart_notice][\/et_pb_column][\/et_pb_row][et_pb_row column_structure=&#8221;1_2,1_2&#8243; _builder_version=&#8221;4.16&#8243; background_size=&#8221;initial&#8221; background_position=&#8221;top_left&#8221; background_repeat=&#8221;repeat&#8221; width=&#8221;100%&#8221; custom_padding=&#8221;0px||||false|false&#8221; global_colors_info=&#8221;{}&#8221;][et_pb_column type=&#8221;1_2&#8243; _builder_version=&#8221;4.16&#8243; custom_padding=&#8221;|||&#8221; global_colors_info=&#8221;{}&#8221; custom_padding__hover=&#8221;|||&#8221;][et_pb_wc_images _builder_version=&#8221;4.16&#8243; global_colors_info=&#8221;{}&#8221;][\/et_pb_wc_images][\/et_pb_column][et_pb_column type=&#8221;1_2&#8243; _builder_version=&#8221;4.16&#8243; custom_padding=&#8221;|||&#8221; global_colors_info=&#8221;{}&#8221; custom_padding__hover=&#8221;|||&#8221;][et_pb_wc_title _builder_version=&#8221;4.16&#8243; global_colors_info=&#8221;{}&#8221;][\/et_pb_wc_title][et_pb_wc_rating _builder_version=&#8221;4.26.0&#8243; rating_text_color=&#8221;#EDF000&#8243; global_colors_info=&#8221;{}&#8221;][\/et_pb_wc_rating][et_pb_wc_price _builder_version=&#8221;4.16&#8243; global_colors_info=&#8221;{}&#8221;][\/et_pb_wc_price][et_pb_wc_description _builder_version=&#8221;4.16&#8243; global_colors_info=&#8221;{}&#8221;][\/et_pb_wc_description][et_pb_wc_add_to_cart _builder_version=&#8221;4.16&#8243; global_colors_info=&#8221;{}&#8221;][\/et_pb_wc_add_to_cart][et_pb_wc_meta _builder_version=&#8221;4.16&#8243; global_colors_info=&#8221;{}&#8221;][\/et_pb_wc_meta][\/et_pb_column][\/et_pb_row][et_pb_row _builder_version=&#8221;4.16&#8243; background_size=&#8221;initial&#8221; background_position=&#8221;top_left&#8221; background_repeat=&#8221;repeat&#8221; width=&#8221;100%&#8221; global_colors_info=&#8221;{}&#8221;][et_pb_column type=&#8221;4_4&#8243; _builder_version=&#8221;4.16&#8243; custom_padding=&#8221;|||&#8221; global_colors_info=&#8221;{}&#8221; custom_padding__hover=&#8221;|||&#8221;][et_pb_wc_tabs _builder_version=&#8221;4.16&#8243; global_colors_info=&#8221;{}&#8221;]\t\t\t\t\t[\/et_pb_wc_tabs][et_pb_wc_upsells _builder_version=&#8221;4.16&#8243; global_colors_info=&#8221;{}&#8221;][\/et_pb_wc_upsells][et_pb_wc_related_products _builder_version=&#8221;4.16&#8243; global_colors_info=&#8221;{}&#8221;][\/et_pb_wc_related_products][\/et_pb_column][\/et_pb_row][\/et_pb_section]<\/p>\n","protected":false},"excerpt":{"rendered":"<h2>Offer 3\u00d72: Get 3 units pay only 2<\/h2>\n<p>Psilocybe Tampanensis is a unique variety among Magic Truffles. It was discovered in Tampa, Florida, in 1977. After that, it was only found once in the wild in Mississippi. Psilocybe Tampanensis is known worldwide as the &#8220;Philosopher&#8217;s Stone.&#8221; The truffles are medium-sized and yellow-brown in color. Ideal for beginner growers.<\/p>\n<p>All Magic Truffles are vacuum-packed in 15 gram quantities.<\/p>\n<p>ALL OUR PRODUCTS ARE SOLD FOR CULTIVATION ONLY. NOT FOR CONSUMPTION OR OTHER IMPROPER USE.<\/p>\n<p>&nbsp;<\/p>\n","protected":false},"featured_media":5107,"comment_status":"open","ping_status":"closed","template":"","meta":{"_et_pb_use_builder":"on","_et_pb_old_content":"<h2>Magic Truffles Tampanensis - Psilocybe Tampanensis \u2013 The Philosopher's Stone<\/h2>\r\nThis is the most well-known and appreciated variety by growers: the Magic Tampanensis Truffle. One of the earliest known. Quite similar to Psilocybe Mokum in terms of overall potency, but with stronger hallucinations and visions. More communicative senses, a stronger connection with nature. This truffle is called \"the Philosopher's Stone\" for a reason!\r\n<h3>Conservation and warnings:<\/h3>\r\n<div>All our truffles can be stored unopened in the refrigerator in their original packaging for 3-4 months. Once opened, they will only keep for about 2 days.<\/div>\r\n<h3>Warning:<\/h3>\r\nAll magic truffles contain the natural psychedelics psilocybin and psilocin. The active ingredient in magic truffles is psilocybin, a tryptamine neurotransmitter similar to those produced naturally by the body. Psilocybin is non-toxic.\r\n\r\nTheir consumption is prohibited in Spain. If you accidentally ingest these truffles and experience (within 15-45 minutes) intense and colorful visual effects, changes in your perception of colors and sounds, waves of energy throughout your body, and vivid visions with your eyes closed, call the Poison Control Center. The effects can last up to 6 hours, depending on your tolerance, physical condition, and other factors.\r\n\r\nCompra Trufas M\u00e1gicas Online en Espa\u00f1a: Vis\u00edtanos y transforma tu vida con <a href=\"https:\/\/magictrufflem.com\/en\"><strong>Truffle Me!<\/strong><\/a>.","_et_gb_content_width":""},"product_brand":[],"product_cat":[250],"product_tag":[117,130,204,116],"class_list":{"0":"post-3571","1":"product","2":"type-product","3":"status-publish","4":"has-post-thumbnail","6":"product_cat-magic-truffles-3x2","7":"product_tag-magic-truffles","8":"product_tag-magic-truffles-tampanensis","9":"product_tag-magic-truffles-truffles-tampanensis","10":"product_tag-psilocybe-cubensis","12":"first","13":"instock","14":"sale","15":"featured","16":"taxable","17":"shipping-taxable","18":"purchasable","19":"product-type-simple"},"_links":{"self":[{"href":"https:\/\/magictruffleme.com\/en\/wp-json\/wp\/v2\/product\/3571","targetHints":{"allow":["GET"]}}],"collection":[{"href":"https:\/\/magictruffleme.com\/en\/wp-json\/wp\/v2\/product"}],"about":[{"href":"https:\/\/magictruffleme.com\/en\/wp-json\/wp\/v2\/types\/product"}],"replies":[{"embeddable":true,"href":"https:\/\/magictruffleme.com\/en\/wp-json\/wp\/v2\/comments?post=3571"}],"wp:featuredmedia":[{"embeddable":true,"href":"https:\/\/magictruffleme.com\/en\/wp-json\/wp\/v2\/media\/5107"}],"wp:attachment":[{"href":"https:\/\/magictruffleme.com\/en\/wp-json\/wp\/v2\/media?parent=3571"}],"wp:term":[{"taxonomy":"product_brand","embeddable":true,"href":"https:\/\/magictruffleme.com\/en\/wp-json\/wp\/v2\/product_brand?post=3571"},{"taxonomy":"product_cat","embeddable":true,"href":"https:\/\/magictruffleme.com\/en\/wp-json\/wp\/v2\/product_cat?post=3571"},{"taxonomy":"product_tag","embeddable":true,"href":"https:\/\/magictruffleme.com\/en\/wp-json\/wp\/v2\/product_tag?post=3571"}],"curies":[{"name":"wp","href":"https:\/\/api.w.org\/{rel}","templated":true}]}}